{"id":3098,"date":"2025-12-19T14:00:36","date_gmt":"2025-12-19T13:00:36","guid":{"rendered":"https:\/\/new.moverental.lu\/?page_id=3098"},"modified":"2026-04-07T12:01:27","modified_gmt":"2026-04-07T10:01:27","slug":"accueil-2","status":"publish","type":"page","link":"https:\/\/moverental.lu\/","title":{"rendered":"Accueil"},"content":{"rendered":"<p>[vc_row][vc_column css=\u00a0\u00bb.vc_custom_1766153548842{padding-top: 10px !important;padding-bottom: 10px !important;background-color: #e2e2e2 !important;border-radius: 30px !important;}\u00a0\u00bb][vc_column_text]<\/p>\n<h1 style=\"text-align: center;\"><span style=\"color: #005ca9;\">Location de voitures &amp; utilitaires au Luxembourg<\/span><\/h1>\n<p>[\/vc_column_text][vc_column_text]<\/p>\n<h4 style=\"text-align: center;\"><span style=\"color: #005ca9;\">Rapide \u2022 Fiable \u2022 Flexible<\/span><\/h4>\n<p>[\/vc_column_text][\/vc_column][\/vc_row][vc_section css=\u00a0\u00bb.vc_custom_1766159837328{padding-top: 70px !important;padding-bottom: 70px !important;background-color: #f7f7f7 !important;}\u00a0\u00bb][vc_row][vc_column width=\u00a0\u00bb1\/3&Prime; css=\u00a0\u00bb.vc_custom_1766159848712{padding-top: 0px !important;padding-bottom: 0px !important;}\u00a0\u00bb][vc_icon icon_fontawesome=\u00a0\u00bbfas fa-map-marked\u00a0\u00bb color=\u00a0\u00bbcustom\u00a0\u00bb size=\u00a0\u00bbxl\u00a0\u00bb align=\u00a0\u00bbcenter\u00a0\u00bb link=\u00a0\u00bburl:https%3A%2F%2Fwww.google.com%2Fmaps%2Fplace%2FMoverental%2F%4049.6079039%2C6.0893783%2C16z%2Fdata%3D!3m1!4b1!4m6!3m5!1s0x47954988443cb091%3A0x13fac1aa9e10e1d1!8m2!3d49.6079005!4d6.0919532!16s%252Fg%252F11frfwd091!5m1!1e4%3Fentry%3Dttu%26g_ep%3DEgoyMDI1MTIwOS4wIKXMDSoASAFQAw%253D%253D\u00a0\u00bb custom_color=\u00a0\u00bb#005ca9&Prime;][vc_column_text]<\/p>\n<h3 style=\"text-align: center;\"><span style=\"color: #005ca9;\">OU ?<\/span><\/h3>\n<pre style=\"text-align: left;\"><span style=\"color: #ef7d00;\">Chez vous directement\n<em>*Livraison offerte dans un rayon de 10km*\nOU\n62 rue de Strassen\nL-2555 Merl<\/em><\/span><\/pre>\n<p>&nbsp;[\/vc_column_text][vc_gmaps link=\u00a0\u00bb#E-8_JTNDaWZyYW1lJTIwc3JjJTNEJTIyaHR0cHMlM0ElMkYlMkZ3d3cuZ29vZ2xlLmNvbSUyRm1hcHMlMkZlbWJlZCUzRnBiJTNEJTIxMW0xOCUyMTFtMTIlMjExbTMlMjExZDUxNzAuOTI1Nzc3OTIwMjElMjEyZDYuMDg5MzM4ODc2NDI1NzE2JTIxM2Q0OS42MDc4Nzc0NDc2NzE3NyUyMTJtMyUyMTFmMCUyMTJmMCUyMTNmMCUyMTNtMiUyMTFpMTAyNCUyMTJpNzY4JTIxNGYxMy4xJTIxM20zJTIxMW0yJTIxMXMweDQ3OTU0OTRiZmNkZTYwYmQlMjUzQTB4MjkxYzIxNjg3ZDkzNTM5OSUyMTJzNjIlMjUyMFJ1ZSUyNTIwZGUlMjUyMFN0cmFzc2VuJTI1MkMlMjUyMDI1NTUlMjUyME0lMjVDMyUyNUE0cmVsJTI1MjBMdXhlbWJvdXJnJTIxNWUwJTIxM20yJTIxMXNmciUyMTJzbHUlMjE0djE3NjY0MDUyNDkyODQlMjE1bTIlMjExc2ZyJTIxMnNsdSUyMiUyMHdpZHRoJTNEJTIyNjAwJTIyJTIwaGVpZ2h0JTNEJTIyNDUwJTIyJTIwc3R5bGUlM0QlMjJib3JkZXIlM0EwJTNCJTIyJTIwYWxsb3dmdWxsc2NyZWVuJTNEJTIyJTIyJTIwbG9hZGluZyUzRCUyMmxhenklMjIlMjByZWZlcnJlcnBvbGljeSUzRCUyMm5vLXJlZmVycmVyLXdoZW4tZG93bmdyYWRlJTIyJTNFJTNDJTJGaWZyYW1lJTNF\u00a0\u00bb size=\u00a0\u00bb150 px\u00a0\u00bb css=\u00a0\u00bb.vc_custom_1766405609159{padding-top: -10px !important;}\u00a0\u00bb][\/vc_column][vc_column width=\u00a0\u00bb1\/3&Prime;][vc_icon icon_fontawesome=\u00a0\u00bbfas fa-car\u00a0\u00bb color=\u00a0\u00bbcustom\u00a0\u00bb size=\u00a0\u00bbxl\u00a0\u00bb align=\u00a0\u00bbcenter\u00a0\u00bb custom_color=\u00a0\u00bb#005ca9&Prime;][vc_column_text]<\/p>\n<h3 style=\"text-align: center;\"><span style=\"color: #005ca9;\">Choisir un v\u00e9hicule<\/span><\/h3>\n<pre style=\"text-align: center;\"><span style=\"color: #ef7d00;\">Recherchez parmi notre gamme de voitures et d'utilitaire. <\/span>\n\n<span style=\"color: #ef7d00;\"><em>Citadine \u2022 SUV \u2022 Break \u2022 Utilitaire<\/em><\/span><\/pre>\n<p>[\/vc_column_text][vc_images_carousel images=\u00a0\u00bb3208,3174,3181,3183&Prime; img_size=\u00a0\u00bb400 px\u00a0\u00bb slides_per_view=\u00a0\u00bb2&Prime;][\/vc_column][vc_column width=\u00a0\u00bb1\/3&Prime;][vc_icon icon_fontawesome=\u00a0\u00bbfas fa-calendar-alt\u00a0\u00bb color=\u00a0\u00bbcustom\u00a0\u00bb size=\u00a0\u00bbxl\u00a0\u00bb align=\u00a0\u00bbcenter\u00a0\u00bb custom_color=\u00a0\u00bb#005ca9&Prime;][vc_column_text]<\/p>\n<h3 style=\"text-align: center;\"><span style=\"color: #005ca9;\">Comment ?<\/span><\/h3>\n<pre><span style=\"color: #ef7d00;\">R\u00e9servez votre v\u00e9hicule par t\u00e9l\u00e9phone ou par mail :\n\n+352 691 70 60 50\n+352 28 66 94 28\n\nOU\n\ninfo@moverental.lu<\/span><\/pre>\n<p>[\/vc_column_text][\/vc_column][\/vc_row][\/vc_section][vc_row][vc_column][vc_column_text]<\/p>\n<h4 class=\"m-size-14 text-align-left size-18\" style=\"text-align: center;\"><em><strong><span class=\"m-font-size-14 font-size-18\">A SAVOIR (TTC)<\/span><\/strong><\/em><\/h4>\n<p class=\"m-size-14 text-align-left size-18\" style=\"text-align: center;\"><span class=\"m-font-size-14 font-size-18\">Frais administratifs en cas d\u2019une amende<\/span> : <em><strong>29 \u20ac\u00a0<\/strong><\/em><\/p>\n<p class=\"m-size-14 text-align-left size-18\" style=\"text-align: center;\"><span class=\"m-font-size-14 font-size-18\">Frais de remplissage de carburant<\/span> : <strong><em>30 \u20ac + Carburant<\/em><\/strong><\/p>\n<p class=\"m-size-14 text-align-left size-18\" style=\"text-align: center;\"><span class=\"m-font-size-14 font-size-18\">Frais de non-respect \u00ab interdiction de fumer dans les voitures de location \u00bb: <\/span><strong><em>108\u20ac\u00a0<\/em><\/strong><span class=\"m-font-size-14 font-size-18\"><br \/>\n<\/span><\/p>\n<p class=\"m-size-14 text-align-left size-18\" style=\"text-align: center;\"><span class=\"m-font-size-14 font-size-18\">Polissage petites griffes : <\/span><strong><em>56 \u20ac ou d\u00e9claration sinistre<\/em><\/strong><\/p>\n<p class=\"m-size-14 text-align-left size-18\" style=\"text-align: center;\"><span class=\"m-font-size-14 font-size-18\">Nettoyage (transports de chiens \u2013 selon \u00e9tat de propret\u00e9) :\u00a0<\/span><strong><em>129 \u20ac<\/em><\/strong><\/p>\n<p class=\"m-size-14 text-align-left size-18\" style=\"text-align: center;\"><span class=\"m-font-size-14 font-size-18\">En cas de perte :<\/span><\/p>\n<p style=\"text-align: center;\">Couverture \u2013 <strong><em>10 \u20ac <\/em><\/strong><\/p>\n<p style=\"text-align: center;\">sangle \u2013<em><strong> 5 \u20ac\u00a0<\/strong><\/em><\/p>\n<p>[\/vc_column_text][\/vc_column][\/vc_row]<\/p>\n","protected":false},"excerpt":{"rendered":"<p>[vc_row][vc_column css=\u00a0\u00bb.vc_custom_1766153548842{padding-top: 10px !important;padding-bottom: 10px !important;background-color: #e2e2e2 !important;border-radius: 30px !important;}\u00a0\u00bb][vc_column_text] Location de voitures &amp; utilitaires au Luxembourg [\/vc_column_text][vc_column_text] Rapide \u2022 Fiable \u2022 Flexible [\/vc_column_text][\/vc_column][\/vc_row][vc_section css=\u00a0\u00bb.vc_custom_1766159837328{padding-top: 70px !important;padding-bottom: 70px !important;background-color: #f7f7f7 !important;}\u00a0\u00bb][vc_row][vc_column width=\u00a0\u00bb1\/3&Prime; css=\u00a0\u00bb.vc_custom_1766159848712{padding-top: 0px !important;padding-bottom: 0px !important;}\u00a0\u00bb][vc_icon icon_fontawesome=\u00a0\u00bbfas fa-map-marked\u00a0\u00bb color=\u00a0\u00bbcustom\u00a0\u00bb size=\u00a0\u00bbxl\u00a0\u00bb align=\u00a0\u00bbcenter\u00a0\u00bb link=\u00a0\u00bburl:https%3A%2F%2Fwww.google.com%2Fmaps%2Fplace%2FMoverental%2F%4049.6079039%2C6.0893783%2C16z%2Fdata%3D!3m1!4b1!4m6!3m5!1s0x47954988443cb091%3A0x13fac1aa9e10e1d1!8m2!3d49.6079005!4d6.0919532!16s%252Fg%252F11frfwd091!5m1!1e4%3Fentry%3Dttu%26g_ep%3DEgoyMDI1MTIwOS4wIKXMDSoASAFQAw%253D%253D\u00a0\u00bb custom_color=\u00a0\u00bb#005ca9&Prime;][vc_column_text] OU ? Chez vous directement *Livraison offerte dans un rayon de [&hellip;]<\/p>\n","protected":false},"author":1,"featured_media":0,"parent":0,"menu_order":0,"comment_status":"closed","ping_status":"closed","template":"","meta":{"footnotes":""},"class_list":["post-3098","page","type-page","status-publish","hentry"],"_links":{"self":[{"href":"https:\/\/moverental.lu\/index.php?rest_route=\/wp\/v2\/pages\/3098","targetHints":{"allow":["GET"]}}],"collection":[{"href":"https:\/\/moverental.lu\/index.php?rest_route=\/wp\/v2\/pages"}],"about":[{"href":"https:\/\/moverental.lu\/index.php?rest_route=\/wp\/v2\/types\/page"}],"author":[{"embeddable":true,"href":"https:\/\/moverental.lu\/index.php?rest_route=\/wp\/v2\/users\/1"}],"replies":[{"embeddable":true,"href":"https:\/\/moverental.lu\/index.php?rest_route=%2Fwp%2Fv2%2Fcomments&post=3098"}],"version-history":[{"count":17,"href":"https:\/\/moverental.lu\/index.php?rest_route=\/wp\/v2\/pages\/3098\/revisions"}],"predecessor-version":[{"id":3244,"href":"https:\/\/moverental.lu\/index.php?rest_route=\/wp\/v2\/pages\/3098\/revisions\/3244"}],"wp:attachment":[{"href":"https:\/\/moverental.lu\/index.php?rest_route=%2Fwp%2Fv2%2Fmedia&parent=3098"}],"curies":[{"name":"wp","href":"https:\/\/api.w.org\/{rel}","templated":true}]}}