{"id":3102,"date":"2025-12-19T14:00:36","date_gmt":"2025-12-19T13:00:36","guid":{"rendered":"https:\/\/new.moverental.lu\/?page_id=3102"},"modified":"2026-04-14T09:14:24","modified_gmt":"2026-04-14T07:14:24","slug":"nos-utilitaires","status":"publish","type":"page","link":"https:\/\/moverental.lu\/?page_id=3102","title":{"rendered":"Nos Utilitaires"},"content":{"rendered":"<p>[vc_section][vc_row][vc_column width=\u00a0\u00bb1\/3&Prime; css=\u00a0\u00bb.vc_custom_1766565408766{padding: 20px !important;background-color: #eaeaea !important;border-radius: 15px !important;}\u00a0\u00bb][vc_single_image image=\u00a0\u00bb3227&Prime; img_size=\u00a0\u00bblarge\u00a0\u00bb alignment=\u00a0\u00bbcenter\u00a0\u00bb style=\u00a0\u00bbvc_box_rounded\u00a0\u00bb][vc_column_text]<\/p>\n<h4 style=\"text-align: center;\"><span style=\"color: #005ca9;\">Peugeot 6m<strong class=\"Yjhzub\" data-processed=\"true\">\u00b3<\/strong><\/span><\/h4>\n<p>[\/vc_column_text][vc_column_text]<\/p>\n<p style=\"text-align: center;\">\ud83d\ude97 Diesel \u2022 \u2699\ufe0f Automatique \u2022 \ud83d\udc65 3 places<\/p>\n<p style=\"text-align: center;\">GPS \u2022 Cruise control \u2022 cam\u00e9ra de recul \u2022 attache remorque<\/p>\n<p style=\"text-align: center;\">L : 2420 &#8211; l : 1600-1230 &#8211; H : 1240<\/p>\n<p>[\/vc_column_text][vc_column_text]<\/p>\n<p style=\"text-align: center;\"><strong><span style=\"color: #005ca9;\">1\/2 journ\u00e9e + 100km : 80\u20ac<br \/>\n1 journ\u00e9e + 150km : 140\u20ac<br \/>\nWeek-end + 400km : 255\u20ac<\/span><\/strong><\/p>\n<p style=\"text-align: center;\"><em><span style=\"color: #005ca9;\">0,30\u20ac\/km suppl\u00e9mentaire<br \/>\nCaution : 600\u20ac<\/span><\/em>[\/vc_column_text][vc_btn title=\u00a0\u00bbR\u00e9server\u00a0\u00bb color=\u00a0\u00bbprimary\u00a0\u00bb size=\u00a0\u00bblg\u00a0\u00bb align=\u00a0\u00bbcenter\u00a0\u00bb button_block=\u00a0\u00bbtrue\u00a0\u00bb link=\u00a0\u00bburl:https%3A%2F%2Fmoverental.lu%2F%3Fpage_id%3D3106|title:Contact\u00a0\u00bb][\/vc_column][vc_column width=\u00a0\u00bb1\/3&Prime; css=\u00a0\u00bb.vc_custom_1766565768016{padding: 20px !important;background-color: #eaeaea !important;border-radius: 15px !important;}\u00a0\u00bb][vc_single_image image=\u00a0\u00bb3222&Prime; img_size=\u00a0\u00bblarge\u00a0\u00bb alignment=\u00a0\u00bbcenter\u00a0\u00bb style=\u00a0\u00bbvc_box_rounded\u00a0\u00bb][vc_column_text]<\/p>\n<h4 style=\"text-align: center;\"><span style=\"color: #005ca9;\">Peugeot 10m\u00b3 L2H1<\/span><\/h4>\n<p>[\/vc_column_text][vc_column_text]<\/p>\n<p style=\"text-align: center;\">\ud83d\ude97 Diesel \u2022 \u2699\ufe0f Automatique \u2022 \ud83d\udc65 3 places<\/p>\n<p style=\"text-align: center;\">GPS \u00a0\u2022 Cruise control \u2022 \u00a0cam\u00e9ra de recul \u2022 CarPlay<\/p>\n<p style=\"text-align: center;\">L : 3120 &#8211; l : 1870-1422 &#8211; H : 1662<\/p>\n<p>[\/vc_column_text][vc_column_text]<\/p>\n<p style=\"text-align: center;\"><strong><span style=\"color: #005ca9;\">1\/2 journ\u00e9e + 100km : 85\u20ac<br \/>\n1 journ\u00e9e + 150km : 145\u20ac<br \/>\nWeek-end + 400km : 270\u20ac<\/span><\/strong><\/p>\n<p style=\"text-align: center;\"><em><span style=\"color: #005ca9;\">0,30\u20ac\/km suppl\u00e9mentaire<br \/>\nCaution : 600\u20ac<\/span><\/em>[\/vc_column_text][vc_btn title=\u00a0\u00bbR\u00e9server\u00a0\u00bb color=\u00a0\u00bbprimary\u00a0\u00bb size=\u00a0\u00bblg\u00a0\u00bb align=\u00a0\u00bbcenter\u00a0\u00bb button_block=\u00a0\u00bbtrue\u00a0\u00bb link=\u00a0\u00bburl:https%3A%2F%2Fmoverental.lu%2F%3Fpage_id%3D3106|title:Page%20d%E2%80%99exemple\u00a0\u00bb][\/vc_column][vc_column width=\u00a0\u00bb1\/3&Prime; css=\u00a0\u00bb.vc_custom_1766566076029{padding: 20px !important;background-color: #eaeaea !important;border-radius: 15px !important;}\u00a0\u00bb][vc_single_image image=\u00a0\u00bb3224&Prime; img_size=\u00a0\u00bblarge\u00a0\u00bb alignment=\u00a0\u00bbcenter\u00a0\u00bb style=\u00a0\u00bbvc_box_rounded\u00a0\u00bb][vc_column_text]<\/p>\n<h4 style=\"text-align: center;\"><span style=\"color: #005ca9;\">Peugeot 12m\u00b3 L2H2<\/span><\/h4>\n<p>[\/vc_column_text][vc_column_text]<\/p>\n<p style=\"text-align: center;\">\ud83d\ude97 Diesel \u2022 \u2699\ufe0f Automatique \u2022 \ud83d\udc65 3 places<\/p>\n<p style=\"text-align: center;\">GPS \u2022 \u00a0Cruise control \u2022 cam\u00e9ra de recul \u2022 CarPlay<\/p>\n<p style=\"text-align: center;\">L : 3120 &#8211; l : 1870-1422 &#8211; H : 1932<\/p>\n<p>[\/vc_column_text][vc_column_text]<\/p>\n<p style=\"text-align: center;\"><strong><span style=\"color: #005ca9;\">1\/2 journ\u00e9e + 100km : 90\u20ac<br \/>\n1 journ\u00e9e + 150km : 150\u20ac<br \/>\nWeek-end + 400km : 275\u20ac<\/span><\/strong><\/p>\n<p style=\"text-align: center;\"><em><span style=\"color: #005ca9;\">0,30\u20ac\/km suppl\u00e9mentaire<br \/>\nCaution : 600\u20ac<\/span><\/em>[\/vc_column_text][vc_btn title=\u00a0\u00bbR\u00e9server\u00a0\u00bb color=\u00a0\u00bbprimary\u00a0\u00bb size=\u00a0\u00bblg\u00a0\u00bb align=\u00a0\u00bbcenter\u00a0\u00bb button_block=\u00a0\u00bbtrue\u00a0\u00bb link=\u00a0\u00bburl:https%3A%2F%2Fmoverental.lu%2F%3Fpage_id%3D3106|title:Contact\u00a0\u00bb][\/vc_column][\/vc_row][vc_row][vc_column width=\u00a0\u00bb1\/3&Prime; css=\u00a0\u00bb.vc_custom_1766565408766{padding: 20px !important;background-color: #eaeaea !important;border-radius: 15px !important;}\u00a0\u00bb][vc_single_image image=\u00a0\u00bb3226&Prime; img_size=\u00a0\u00bblarge\u00a0\u00bb alignment=\u00a0\u00bbcenter\u00a0\u00bb style=\u00a0\u00bbvc_box_rounded\u00a0\u00bb][vc_column_text]<\/p>\n<h4 style=\"text-align: center;\"><span style=\"color: #005ca9;\">Peugeot 13m\u00b3 L3H2<\/span><\/h4>\n<p>[\/vc_column_text][vc_column_text]<\/p>\n<p style=\"text-align: center;\">\ud83d\ude97 Diesel \u2022 \u2699\ufe0f Manuelle \u2022 \ud83d\udc65 3 places<\/p>\n<p style=\"text-align: center;\">GPS \u2022 Cruise control \u2022 cam\u00e9ra de recul \u2022 attache remorque<\/p>\n<p style=\"text-align: center;\">L : 3550 &#8211; l : 1840-1380 &#8211; H : 1900<\/p>\n<p>[\/vc_column_text][vc_column_text]<\/p>\n<p style=\"text-align: center;\"><strong><span style=\"color: #005ca9;\">1\/2 journ\u00e9e + 100km : 75\u20ac<br \/>\n1 journ\u00e9e + 150km : 130\u20ac<br \/>\nWeek-end + 400km : 245\u20ac<\/span><\/strong><\/p>\n<p style=\"text-align: center;\"><em><span style=\"color: #005ca9;\">0,30\u20ac\/km suppl\u00e9mentaire<br \/>\nCaution : 600\u20ac<\/span><\/em>[\/vc_column_text][vc_btn title=\u00a0\u00bbR\u00e9server\u00a0\u00bb color=\u00a0\u00bbprimary\u00a0\u00bb size=\u00a0\u00bblg\u00a0\u00bb align=\u00a0\u00bbcenter\u00a0\u00bb button_block=\u00a0\u00bbtrue\u00a0\u00bb link=\u00a0\u00bburl:https%3A%2F%2Fmoverental.lu%2F%3Fpage_id%3D3106|title:Contact\u00a0\u00bb][\/vc_column][vc_column width=\u00a0\u00bb1\/3&Prime; css=\u00a0\u00bb.vc_custom_1766565768016{padding: 20px !important;background-color: #eaeaea !important;border-radius: 15px !important;}\u00a0\u00bb][vc_single_image image=\u00a0\u00bb3228&Prime; img_size=\u00a0\u00bblarge\u00a0\u00bb alignment=\u00a0\u00bbcenter\u00a0\u00bb style=\u00a0\u00bbvc_box_rounded\u00a0\u00bb][vc_column_text]<\/p>\n<h4 style=\"text-align: center;\"><span style=\"color: #005ca9;\">Peugeot 20m\u00b3 Hayon<\/span><\/h4>\n<p>[\/vc_column_text][vc_column_text]<\/p>\n<p style=\"text-align: center;\">\ud83d\ude97 Diesel \u2022 \u2699\ufe0f Manuelle \u2022 \ud83d\udc65 3 places<\/p>\n<p style=\"text-align: center;\">GPS \u00a0\u2022 Cruise control<\/p>\n<p style=\"text-align: center;\">L : 4010 &#8211; l : 2073 &#8211; H : 2074<\/p>\n<p>[\/vc_column_text][vc_column_text]<\/p>\n<p style=\"text-align: center;\"><strong><span style=\"color: #005ca9;\">1\/2 journ\u00e9e + 100km : 95\u20ac<br \/>\n1 journ\u00e9e + 150km : 160\u20ac<br \/>\nWeek-end + 400km : 310\u20ac<\/span><\/strong><\/p>\n<p style=\"text-align: center;\"><em><span style=\"color: #005ca9;\">0,35\u20ac\/km suppl\u00e9mentaire<br \/>\nCaution : 900\u20ac<\/span><\/em>[\/vc_column_text][vc_btn title=\u00a0\u00bbR\u00e9server\u00a0\u00bb color=\u00a0\u00bbprimary\u00a0\u00bb size=\u00a0\u00bblg\u00a0\u00bb align=\u00a0\u00bbcenter\u00a0\u00bb button_block=\u00a0\u00bbtrue\u00a0\u00bb link=\u00a0\u00bburl:https%3A%2F%2Fmoverental.lu%2F%3Fpage_id%3D3106|title:Page%20d%E2%80%99exemple\u00a0\u00bb][\/vc_column][vc_column width=\u00a0\u00bb1\/3&Prime; css=\u00a0\u00bb.vc_custom_1766566076029{padding: 20px !important;background-color: #eaeaea !important;border-radius: 15px !important;}\u00a0\u00bb][vc_single_image image=\u00a0\u00bb3229&Prime; img_size=\u00a0\u00bblarge\u00a0\u00bb alignment=\u00a0\u00bbcenter\u00a0\u00bb style=\u00a0\u00bbvc_box_rounded\u00a0\u00bb][vc_column_text]<\/p>\n<h4 style=\"text-align: center;\"><span style=\"color: #005ca9;\">Mercedes Sprinter<\/span><\/h4>\n<p>[\/vc_column_text][vc_column_text]<\/p>\n<p style=\"text-align: center;\">\ud83d\ude97 Diesel \u2022 \u2699\ufe0f Automatique \u2022 \ud83d\udc65 3 places<\/p>\n<p style=\"text-align: center;\">GPS \u2022 Climatisation \u2022 Cruise control \u2022 Cam\u00e9ra de recul \u2022 attache remorque \u2022 CarPlay<\/p>\n<p style=\"text-align: center;\">Transport voiture \u2022 Camion ferm\u00e9 \u2022 <b>\u26a0\ufe0f<\/b> Permis C<\/p>\n<p>[\/vc_column_text][vc_column_text]<\/p>\n<p style=\"text-align: center;\"><strong><span style=\"color: #005ca9;\">1 journ\u00e9e + 150km : 250\u20ac<br \/>\nWeek-end + 300km : 400\u20ac<\/span><\/strong><\/p>\n<p style=\"text-align: center;\"><em><span style=\"color: #005ca9;\">0,60\u20ac\/km suppl\u00e9mentaire<br \/>\nCaution : 1800\u20ac<\/span><\/em>[\/vc_column_text][vc_btn title=\u00a0\u00bbR\u00e9server\u00a0\u00bb color=\u00a0\u00bbprimary\u00a0\u00bb size=\u00a0\u00bblg\u00a0\u00bb align=\u00a0\u00bbcenter\u00a0\u00bb button_block=\u00a0\u00bbtrue\u00a0\u00bb link=\u00a0\u00bburl:https%3A%2F%2Fmoverental.lu%2F%3Fpage_id%3D3106|title:Contact\u00a0\u00bb][\/vc_column][\/vc_row][\/vc_section][vc_row][vc_column width=\u00a0\u00bb1\/2&Prime;][vc_column_text]<\/p>\n<h3 style=\"text-align: left;\"><span style=\"color: #005ca9;\"><strong><em>Possibilit\u00e9 de location en plus : (Prix HTVA)<\/em><\/strong><\/span><\/h3>\n<ul>\n<li><span style=\"color: #333333;\">Transpalette (max 2.000 Kg) : 30 \u20ac \/jour<\/span><\/li>\n<li><span style=\"color: #333333;\">Cale moto : 15 \u20ac \/ jour<\/span><\/li>\n<li><span style=\"color: #333333;\">Diable 3 roues : 15\u20ac \/ jour<\/span><\/li>\n<li><span style=\"color: #333333;\">Plateau \u00e0 roulettes : 5 \u20ac \/ jour<\/span><\/li>\n<\/ul>\n<h5><em><strong><span style=\"color: #005ca9;\">Possibilt\u00e9 de location avec chauffeur ainsi qu&rsquo;une aide pour les d\u00e9m\u00e9nagements<\/span><\/strong><\/em><\/h5>\n<p>[\/vc_column_text][\/vc_column][vc_column width=\u00a0\u00bb1\/2&Prime;][vc_images_carousel images=\u00a0\u00bb3233,3232,3231,3230&Prime;][\/vc_column][\/vc_row]<\/p>\n","protected":false},"excerpt":{"rendered":"<p>[vc_section][vc_row][vc_column width=\u00a0\u00bb1\/3&Prime; css=\u00a0\u00bb.vc_custom_1766565408766{padding: 20px !important;background-color: #eaeaea !important;border-radius: 15px !important;}\u00a0\u00bb][vc_single_image image=\u00a0\u00bb3227&Prime; img_size=\u00a0\u00bblarge\u00a0\u00bb alignment=\u00a0\u00bbcenter\u00a0\u00bb style=\u00a0\u00bbvc_box_rounded\u00a0\u00bb][vc_column_text] Peugeot 6m\u00b3 [\/vc_column_text][vc_column_text] \ud83d\ude97 Diesel \u2022 \u2699\ufe0f Automatique \u2022 \ud83d\udc65 3 places GPS \u2022 Cruise control \u2022 cam\u00e9ra de recul \u2022 attache remorque L : 2420 &#8211; l : 1600-1230 &#8211; H : 1240 [\/vc_column_text][vc_column_text] 1\/2 journ\u00e9e + 100km : 80\u20ac 1 [&hellip;]<\/p>\n","protected":false},"author":1,"featured_media":0,"parent":0,"menu_order":0,"comment_status":"closed","ping_status":"closed","template":"","meta":{"footnotes":""},"class_list":["post-3102","page","type-page","status-publish","hentry"],"_links":{"self":[{"href":"https:\/\/moverental.lu\/index.php?rest_route=\/wp\/v2\/pages\/3102","targetHints":{"allow":["GET"]}}],"collection":[{"href":"https:\/\/moverental.lu\/index.php?rest_route=\/wp\/v2\/pages"}],"about":[{"href":"https:\/\/moverental.lu\/index.php?rest_route=\/wp\/v2\/types\/page"}],"author":[{"embeddable":true,"href":"https:\/\/moverental.lu\/index.php?rest_route=\/wp\/v2\/users\/1"}],"replies":[{"embeddable":true,"href":"https:\/\/moverental.lu\/index.php?rest_route=%2Fwp%2Fv2%2Fcomments&post=3102"}],"version-history":[{"count":15,"href":"https:\/\/moverental.lu\/index.php?rest_route=\/wp\/v2\/pages\/3102\/revisions"}],"predecessor-version":[{"id":3265,"href":"https:\/\/moverental.lu\/index.php?rest_route=\/wp\/v2\/pages\/3102\/revisions\/3265"}],"wp:attachment":[{"href":"https:\/\/moverental.lu\/index.php?rest_route=%2Fwp%2Fv2%2Fmedia&parent=3102"}],"curies":[{"name":"wp","href":"https:\/\/api.w.org\/{rel}","templated":true}]}}