{"id":3104,"date":"2025-12-19T14:00:36","date_gmt":"2025-12-19T13:00:36","guid":{"rendered":"https:\/\/new.moverental.lu\/?page_id=3104"},"modified":"2026-04-03T15:35:14","modified_gmt":"2026-04-03T13:35:14","slug":"a-propos","status":"publish","type":"page","link":"https:\/\/moverental.lu\/?page_id=3104","title":{"rendered":"A propos"},"content":{"rendered":"<p>[vc_row][vc_column][vc_column_text]<\/p>\n<p class=\"isSelectedEnd\" style=\"text-align: center;\">Chez MoveRental, nous mettons la mobilit\u00e9 au c\u0153ur de vos besoins. Sp\u00e9cialis\u00e9e dans la location de v\u00e9hicules, notre entreprise accompagne particuliers et professionnels avec des solutions flexibles, fiables et adapt\u00e9es \u00e0 chaque situation.<\/p>\n<p class=\"isSelectedEnd\" style=\"text-align: center;\">Que ce soit pour un d\u00e9placement ponctuel, un besoin professionnel ou une solution de mobilit\u00e9 \u00e0 plus long terme, notre objectif est simple : vous offrir un service rapide, transparent et sans compromis sur la qualit\u00e9. Nous s\u00e9lectionnons soigneusement nos v\u00e9hicules afin de garantir confort, s\u00e9curit\u00e9 et performance \u00e0 chaque trajet.<\/p>\n<p class=\"isSelectedEnd\" style=\"text-align: center;\">Nous proposons \u00e9galement des services de d\u00e9m\u00e9nagement, afin de vous accompagner dans toutes les \u00e9tapes de vos changements de vie ou d\u2019activit\u00e9. De la mise \u00e0 disposition de v\u00e9hicules adapt\u00e9s \u00e0 l\u2019organisation logistique, nous vous aidons \u00e0 d\u00e9m\u00e9nager en toute s\u00e9r\u00e9nit\u00e9.<\/p>\n<p class=\"isSelectedEnd\" style=\"text-align: center;\">Implant\u00e9e au Luxembourg, Moverental s\u2019engage \u00e0 proposer une exp\u00e9rience client fluide, avec une \u00e9quipe \u00e0 l\u2019\u00e9coute, r\u00e9active et proche de ses clients. Nous croyons en une mobilit\u00e9 accessible, moderne et adapt\u00e9e aux exigences d\u2019aujourd\u2019hui.<\/p>\n<p style=\"text-align: center;\">Avec Moverental, louez et d\u00e9m\u00e9nagez en toute confiance.<\/p>\n<p>[\/vc_column_text][\/vc_column][\/vc_row]<\/p>\n","protected":false},"excerpt":{"rendered":"<p>[vc_row][vc_column][vc_column_text] Chez MoveRental, nous mettons la mobilit\u00e9 au c\u0153ur de vos besoins. Sp\u00e9cialis\u00e9e dans la location de v\u00e9hicules, notre entreprise accompagne particuliers et professionnels avec des solutions flexibles, fiables et adapt\u00e9es \u00e0 chaque situation. Que ce soit pour un d\u00e9placement ponctuel, un besoin professionnel ou une solution de mobilit\u00e9 \u00e0 plus long terme, notre objectif [&hellip;]<\/p>\n","protected":false},"author":1,"featured_media":0,"parent":0,"menu_order":0,"comment_status":"closed","ping_status":"closed","template":"","meta":{"footnotes":""},"class_list":["post-3104","page","type-page","status-publish","hentry"],"_links":{"self":[{"href":"https:\/\/moverental.lu\/index.php?rest_route=\/wp\/v2\/pages\/3104","targetHints":{"allow":["GET"]}}],"collection":[{"href":"https:\/\/moverental.lu\/index.php?rest_route=\/wp\/v2\/pages"}],"about":[{"href":"https:\/\/moverental.lu\/index.php?rest_route=\/wp\/v2\/types\/page"}],"author":[{"embeddable":true,"href":"https:\/\/moverental.lu\/index.php?rest_route=\/wp\/v2\/users\/1"}],"replies":[{"embeddable":true,"href":"https:\/\/moverental.lu\/index.php?rest_route=%2Fwp%2Fv2%2Fcomments&post=3104"}],"version-history":[{"count":2,"href":"https:\/\/moverental.lu\/index.php?rest_route=\/wp\/v2\/pages\/3104\/revisions"}],"predecessor-version":[{"id":3242,"href":"https:\/\/moverental.lu\/index.php?rest_route=\/wp\/v2\/pages\/3104\/revisions\/3242"}],"wp:attachment":[{"href":"https:\/\/moverental.lu\/index.php?rest_route=%2Fwp%2Fv2%2Fmedia&parent=3104"}],"curies":[{"name":"wp","href":"https:\/\/api.w.org\/{rel}","templated":true}]}}